{"id":544,"date":"2026-02-28T15:37:40","date_gmt":"2026-02-28T15:37:40","guid":{"rendered":"https:\/\/www.crazygolfcider.co.uk\/?page_id=544"},"modified":"2026-03-06T23:00:12","modified_gmt":"2026-03-06T23:00:12","slug":"feedback","status":"publish","type":"page","link":"https:\/\/www.crazygolfcider.co.uk\/sk\/feedback\/","title":{"rendered":"Sp\u00e4tn\u00e1 v\u00e4zba"},"content":{"rendered":"\n<p class=\"has-text-color has-link-color has-dm-sans-font-family wp-elements-f8d48b1b964228dfb8f8013c20b38d5b\" style=\"color:#0f0f0f\">We&#8217;d love to know what you thought! If you enjoyed it (or didn&#8217;t!), let us know \u2014 your feedback helps us decide whether to bring it back.<\/p>\n\n\n<style id=\"wpforms-css-vars-546-block-bd8918b7-4460-4f9a-b805-f3daf04f24bd\">\n\t\t\t\t#wpforms-546.wpforms-block-bd8918b7-4460-4f9a-b805-f3daf04f24bd {\n\t\t\t\t--wpforms-label-color: #0f0f0f;\n--wpforms-field-border-color: #3a3a3a;\n--wpforms-field-border-color-spare: #3a3a3a;\n--wpforms-field-text-color: #0f0f0f;\n--wpforms-button-border-radius: 30px;\n--wpforms-button-background-color: #c81617;\n--wpforms-button-text-color: #f2efea;\n--wpforms-field-size-input-height: 50px;\n--wpforms-field-size-input-spacing: 20px;\n--wpforms-field-size-font-size: 18px;\n--wpforms-field-size-line-height: 21px;\n--wpforms-field-size-padding-h: 14px;\n--wpforms-field-size-checkbox-size: 18px;\n--wpforms-field-size-sublabel-spacing: 10px;\n--wpforms-field-size-icon-size: 1.25;\n\t\t\t}\n\t\t\t<\/style><div class=\"wpforms-container wpforms-container-full wpforms-block wpforms-block-bd8918b7-4460-4f9a-b805-f3daf04f24bd wpforms-render-modern\" id=\"wpforms-546\"><form id=\"wpforms-form-546\" class=\"wpforms-validate wpforms-form wpforms-ajax-form\" data-formid=\"546\" method=\"post\" enctype=\"multipart\/form-data\" action=\"\/sk\/wp-json\/wp\/v2\/pages\/544\" data-token=\"16a1e01e9585de4295fc02095cd24e51\" data-token-time=\"1778022813\"><noscript class=\"wpforms-error-noscript\">Please enable JavaScript in your browser to complete this form.<\/noscript><div id=\"wpforms-error-noscript\" style=\"display: none;\">Please enable JavaScript in your browser to complete this form.<\/div><div class=\"wpforms-field-container\">\t\t<div id=\"wpforms-546-field_2-container\"\n\t\t\tclass=\"wpforms-field wpforms-field-text\"\n\t\t\tdata-field-type=\"text\"\n\t\t\tdata-field-id=\"2\"\n\t\t\t>\n\t\t\t<label class=\"wpforms-field-label\" for=\"wpforms-546-field_2\" >Which you it?<\/label>\n\t\t\t<input type=\"text\" id=\"wpforms-546-field_2\" class=\"wpforms-field-medium\" name=\"wpforms[fields][2]\" >\n\t\t<\/div>\n\t\t<div id=\"wpforms-546-field_1-container\" class=\"wpforms-field wpforms-field-name\" data-field-id=\"1\"><label class=\"wpforms-field-label\" for=\"wpforms-546-field_1\">Name <span class=\"wpforms-required-label\" aria-hidden=\"true\">*<\/span><\/label><input type=\"text\" id=\"wpforms-546-field_1\" class=\"wpforms-field-medium wpforms-field-required\" name=\"wpforms[fields][1]\" aria-errormessage=\"wpforms-546-field_1-error\" required><\/div><div id=\"wpforms-546-field_60-container\" class=\"wpforms-field wpforms-field-checkbox wpforms-list-inline\" data-field-id=\"60\"><fieldset><legend class=\"wpforms-field-label\">Which did you try?<\/legend><ul id=\"wpforms-546-field_60\"><li class=\"choice-1 depth-1\"><input type=\"checkbox\" id=\"wpforms-546-field_60_1\" name=\"wpforms[fields][60][]\" value=\"Apple Cider\" aria-errormessage=\"wpforms-546-field_60_1-error\"  ><label class=\"wpforms-field-label-inline\" for=\"wpforms-546-field_60_1\">Apple Cider<\/label><\/li><li class=\"choice-2 depth-1\"><input type=\"checkbox\" id=\"wpforms-546-field_60_2\" name=\"wpforms[fields][60][]\" value=\"Raspberry &amp; Blueberry Cider\" aria-errormessage=\"wpforms-546-field_60_2-error\"  ><label class=\"wpforms-field-label-inline\" for=\"wpforms-546-field_60_2\">Raspberry &amp; Blueberry Cider<\/label><\/li><\/ul><\/fieldset><\/div><div id=\"wpforms-546-field_66-container\" class=\"wpforms-field wpforms-field-radio\" data-field-id=\"66\"><fieldset><legend class=\"wpforms-field-label\">How would you rate it?<\/legend><ul id=\"wpforms-546-field_66\"><li class=\"choice-1 depth-1\"><input type=\"radio\" id=\"wpforms-546-field_66_1\" name=\"wpforms[fields][66]\" value=\"Loved it\" aria-errormessage=\"wpforms-546-field_66_1-error\"  ><label class=\"wpforms-field-label-inline\" for=\"wpforms-546-field_66_1\">Loved it<\/label><\/li><li class=\"choice-2 depth-1\"><input type=\"radio\" id=\"wpforms-546-field_66_2\" name=\"wpforms[fields][66]\" value=\"It was okay\" aria-errormessage=\"wpforms-546-field_66_2-error\"  ><label class=\"wpforms-field-label-inline\" for=\"wpforms-546-field_66_2\">It was okay<\/label><\/li><li class=\"choice-3 depth-1\"><input type=\"radio\" id=\"wpforms-546-field_66_3\" name=\"wpforms[fields][66]\" value=\"Not for me\" aria-errormessage=\"wpforms-546-field_66_3-error\"  ><label class=\"wpforms-field-label-inline\" for=\"wpforms-546-field_66_3\">Not for me<\/label><\/li><\/ul><\/fieldset><\/div><div id=\"wpforms-546-field_63-container\" class=\"wpforms-field wpforms-field-textarea\" data-field-id=\"63\"><label class=\"wpforms-field-label\" for=\"wpforms-546-field_63\">Anything else you&#039;d like to add?<\/label><textarea id=\"wpforms-546-field_63\" class=\"wpforms-field-medium\" name=\"wpforms[fields][63]\" aria-errormessage=\"wpforms-546-field_63-error\" ><\/textarea><\/div><script>\n\t\t\t\t( function() {\n\t\t\t\t\tconst style = document.createElement( 'style' );\n\t\t\t\t\tstyle.appendChild( document.createTextNode( '#wpforms-546-field_2-container { position: absolute !important; overflow: hidden !important; display: inline !important; height: 1px !important; width: 1px !important; z-index: -1000 !important; padding: 0 !important; } #wpforms-546-field_2-container input { visibility: hidden; } #wpforms-conversational-form-page #wpforms-546-field_2-container label { counter-increment: none; }' ) );\n\t\t\t\t\tdocument.head.appendChild( style );\n\t\t\t\t\tdocument.currentScript?.remove();\n\t\t\t\t} )();\n\t\t\t<\/script><\/div><!-- .wpforms-field-container --><div class=\"wpforms-submit-container\" ><input type=\"hidden\" name=\"wpforms[id]\" value=\"546\"><input type=\"hidden\" name=\"page_title\" value=\"\"><input type=\"hidden\" name=\"page_url\" value=\"https:\/\/www.crazygolfcider.co.uk\/sk\/wp-json\/wp\/v2\/pages\/544\"><input type=\"hidden\" name=\"url_referer\" value=\"\"><button type=\"submit\" name=\"wpforms[submit]\" id=\"wpforms-submit-546\" class=\"wpforms-submit\" data-alt-text=\"Sharing...\" data-submit-text=\"Share your thoughts\" aria-live=\"assertive\" value=\"wpforms-submit\">Share your thoughts<\/button><img loading=\"lazy\" decoding=\"async\" src=\"https:\/\/www.crazygolfcider.co.uk\/wp-content\/plugins\/wpforms-lite\/assets\/images\/submit-spin.svg\" class=\"wpforms-submit-spinner\" style=\"display: none;\" width=\"26\" height=\"26\" alt=\"Loading\"><\/div><\/form><\/div>  <!-- .wpforms-container -->","protected":false},"excerpt":{"rendered":"<p>Radi by sme vedeli, \u010do ste si o tom mysleli! Ak sa v\u00e1m to p\u00e1\u010dilo (alebo nep\u00e1\u010dilo!), dajte n\u00e1m vedie\u0165 \u2014 va\u0161a sp\u00e4tn\u00e1 v\u00e4zba n\u00e1m pom\u00f4\u017ee rozhodn\u00fa\u0165 sa, \u010di to znovu zarad\u00edme do ponuky.<\/p>","protected":false},"author":1,"featured_media":0,"parent":0,"menu_order":0,"comment_status":"closed","ping_status":"closed","template":"","meta":{"footnotes":""},"class_list":["post-544","page","type-page","status-publish","hentry"],"_links":{"self":[{"href":"https:\/\/www.crazygolfcider.co.uk\/sk\/wp-json\/wp\/v2\/pages\/544","targetHints":{"allow":["GET"]}}],"collection":[{"href":"https:\/\/www.crazygolfcider.co.uk\/sk\/wp-json\/wp\/v2\/pages"}],"about":[{"href":"https:\/\/www.crazygolfcider.co.uk\/sk\/wp-json\/wp\/v2\/types\/page"}],"author":[{"embeddable":true,"href":"https:\/\/www.crazygolfcider.co.uk\/sk\/wp-json\/wp\/v2\/users\/1"}],"replies":[{"embeddable":true,"href":"https:\/\/www.crazygolfcider.co.uk\/sk\/wp-json\/wp\/v2\/comments?post=544"}],"version-history":[{"count":5,"href":"https:\/\/www.crazygolfcider.co.uk\/sk\/wp-json\/wp\/v2\/pages\/544\/revisions"}],"predecessor-version":[{"id":638,"href":"https:\/\/www.crazygolfcider.co.uk\/sk\/wp-json\/wp\/v2\/pages\/544\/revisions\/638"}],"wp:attachment":[{"href":"https:\/\/www.crazygolfcider.co.uk\/sk\/wp-json\/wp\/v2\/media?parent=544"}],"curies":[{"name":"wp","href":"https:\/\/api.w.org\/{rel}","templated":true}]}}