{"id":591,"date":"2026-03-06T16:20:39","date_gmt":"2026-03-06T16:20:39","guid":{"rendered":"https:\/\/www.crazygolfcider.co.uk\/?page_id=591"},"modified":"2026-03-06T23:06:43","modified_gmt":"2026-03-06T23:06:43","slug":"our-story","status":"publish","type":"page","link":"https:\/\/www.crazygolfcider.co.uk\/sk\/our-story\/","title":{"rendered":"N\u00e1\u0161 Pr\u00edbeh"},"content":{"rendered":"<h4 class=\"wp-block-heading has-text-color has-link-color wp-elements-64a740f5e5fca183bb671b03369825c1\" style=\"color:#0f0f0f;font-size:clamp(16.293px, 1.018rem + ((1vw - 3.2px) * 0.989), 25px);\">Crazy Golf Cider vznikol z jednoduchej my\u0161lienky \u2013 vyr\u00e1ba\u0165 poctiv\u00fd britsk\u00fd cider tak, ako sa m\u00e1 vyr\u00e1ba\u0165.<\/h4>\n\n\n\n<p class=\"has-text-color has-link-color wp-elements-3e0bd0fb0ffe6a72d51f03839cb55ada\" style=\"color:#0f0f0f\">Je to projekt otca a syna, ktor\u00fd vznikol po mnoh\u00fdch rokoch str\u00e1ven\u00fdch v korpor\u00e1tnych zamestnaniach a zo spolo\u010dnej t\u00fa\u017eby robi\u0165 nie\u010do praktickej\u0161ie, tvorivej\u0161ie a \u013eudskej\u0161ie. Dnes vyr\u00e1bame cider spolu tradi\u010dn\u00fdm britsk\u00fdm sp\u00f4sobom a d\u00e1vame si z\u00e1le\u017ea\u0165 na detailoch, na ktor\u00fdch z\u00e1le\u017e\u00ed.<\/p>\n\n\n\n<p>V rodine je aj slovensk\u00e9 spojenie. Chris m\u00e1 slovensk\u00fa man\u017eelku a Andy mal pl\u00e1n \u2013 a tak sa stalo, \u017ee britsk\u00fd ciderov\u00fd projekt sa nakoniec vydal na v\u00fdchod.<\/p>\n\n\n\n<p>N\u00e1zov odr\u00e1\u017ea tento krok od rozumn\u00e9ho k trochu bl\u00e1zniv\u00e9mu. Aj ke\u010f m\u00f4\u017ee tento n\u00e1pad znie\u0165 trochu \u0161ialene, pr\u00edstup berieme v\u00e1\u017ene.<\/p>\n\n\n\n<hr class=\"wp-block-separator has-text-color has-alpha-channel-opacity has-background is-style-wide\" style=\"margin-top:var(--wp--preset--spacing--superbspacing-small);margin-bottom:var(--wp--preset--spacing--superbspacing-small);background-color:#3a3a3a;color:#3a3a3a\"\/>\n\n\n\n<p class=\"has-text-color has-link-color wp-elements-75403d39525dac438461aedf2ef3144c\" style=\"color:#0f0f0f\">Na\u0161ou misiou je prinies\u0165 poctiv\u00fd britsk\u00fd cider na Slovensko. V Brit\u00e1nii je cider prirodzenou s\u00fa\u010das\u0165ou kult\u00fary pubov \u2013 \u013eudia ho pij\u00fa, zdie\u013eaj\u00fa a m\u00e1lokedy nad n\u00edm dlho prem\u00fd\u0161\u013eaj\u00fa.<\/p>\n\n\n\n<p>Na Slovensku je to zatia\u013e nie\u010do nov\u00e9. Chceme ho predstavi\u0165 tak, ako ho pozn\u00e1me my \u2013 poctivo vyroben\u00fd a bez zbyto\u010dn\u00fdch komplik\u00e1ci\u00ed \u2013 a zisti\u0165, \u010di si ho \u013eudia ob\u013e\u00fabia tak ako my.<\/p>\n\n\n\n<hr class=\"wp-block-separator has-text-color has-alpha-channel-opacity has-background is-style-wide\" style=\"margin-top:var(--wp--preset--spacing--superbspacing-small);margin-bottom:var(--wp--preset--spacing--superbspacing-small);background-color:#3a3a3a;color:#3a3a3a\"\/>\n\n\n\n<h4 class=\"wp-block-heading has-text-color has-link-color wp-elements-cc90122fa46f37943bec894113cf5c3e\" style=\"color:#0f0f0f;font-size:clamp(16.293px, 1.018rem + ((1vw - 3.2px) * 0.989), 25px);\">Cesta, ktor\u00e1 v\u0161etko zmenila<\/h4>\n\n\n\n<p class=\"has-text-color has-link-color wp-elements-3575374302a46f089480318c549a4876\" style=\"color:#0f0f0f\">Za\u010diatkom tohto roka sme v Anglicku zbalili auto, naplnili ho f\u013ea\u0161ami cideru a vyrazili cez Eur\u00f3pu na Slovensko, kde sme pripravili bezplatn\u00fa ochutn\u00e1vku.<\/p>\n\n\n\n<p class=\"has-dm-sans-font-family\">Pl\u00e1n bol jednoduch\u00fd: prinies\u0165 n\u00e1\u0161 cider do miestneho pubu&nbsp;<strong>Motorest,<\/strong>&nbsp;nalia\u0165 p\u00e1r poh\u00e1rov a zisti\u0165, \u010do si o \u0148om \u013eudia myslia.<\/p>\n\n\n\n<p>\u017diadny prieskum trhu. \u017diadne zdvoril\u00e9 fokusov\u00e9 skupiny \u2013 len skuto\u010dn\u00e9 reakcie \u013eud\u00ed, ktor\u00ed sk\u00fa\u0161ali Crazy Golf Cider prv\u00fdkr\u00e1t.<\/p>\n\n\n\n<p>Ve\u010der sa r\u00fdchlo zmenil na dlh\u00fa ochutn\u00e1vku s miestnymi, ktor\u00fdch tento trochu nezvy\u010dajn\u00fd britsk\u00fd projekt zaujal. To, \u010do za\u010dalo ako p\u00e1r drinkov, sa premenilo na skuto\u010dn\u00fd rozhovor o cidri, chuti a o tom, \u010do \u013eudia o\u010dak\u00e1vaj\u00fa, ke\u010f vezm\u00fa do ruky f\u013ea\u0161u.<\/p>\n\n\n\n<p>T\u00e1 noc sa nakoniec uk\u00e1zala by\u0165 d\u00f4le\u017eitej\u0161ia, ne\u017e sme si mysleli.<\/p>\n\n\n\n<p>Sp\u00e4tn\u00e1 v\u00e4zba, ktor\u00fa sme dostali, priamo viedla k&nbsp;<strong>rebrandingu a k prehodnoteniu na\u0161ej ponuky<\/strong>, \u010d\u00edm formovala \u010fal\u0161iu kapitolu Crazy Golf Cider.<\/p>\n\n\n\n<p>Niekedy sa tie najv\u00e4\u010d\u0161ie rozhodnutia nerodia v zasadac\u00edch miestnostiach.<\/p>\n\n\n\n<p>Niekedy vznikn\u00fa pri p\u00e1r drinkoch v pube.<\/p>\n\n\n\n<p><\/p>","protected":false},"excerpt":{"rendered":"<p>Crazy Golf Cider was born from a simple idea \u2013 to make honest British cider the way it is meant to be made. It is a father\u2011and\u2011son project that began after many years spent in corporate jobs and from a shared desire to do something more practical, creative, and human. Today, we make cider together [&hellip;]<\/p>\n","protected":false},"author":1,"featured_media":0,"parent":0,"menu_order":0,"comment_status":"closed","ping_status":"closed","template":"","meta":{"footnotes":""},"class_list":["post-591","page","type-page","status-publish","hentry"],"_links":{"self":[{"href":"https:\/\/www.crazygolfcider.co.uk\/sk\/wp-json\/wp\/v2\/pages\/591","targetHints":{"allow":["GET"]}}],"collection":[{"href":"https:\/\/www.crazygolfcider.co.uk\/sk\/wp-json\/wp\/v2\/pages"}],"about":[{"href":"https:\/\/www.crazygolfcider.co.uk\/sk\/wp-json\/wp\/v2\/types\/page"}],"author":[{"embeddable":true,"href":"https:\/\/www.crazygolfcider.co.uk\/sk\/wp-json\/wp\/v2\/users\/1"}],"replies":[{"embeddable":true,"href":"https:\/\/www.crazygolfcider.co.uk\/sk\/wp-json\/wp\/v2\/comments?post=591"}],"version-history":[{"count":14,"href":"https:\/\/www.crazygolfcider.co.uk\/sk\/wp-json\/wp\/v2\/pages\/591\/revisions"}],"predecessor-version":[{"id":642,"href":"https:\/\/www.crazygolfcider.co.uk\/sk\/wp-json\/wp\/v2\/pages\/591\/revisions\/642"}],"wp:attachment":[{"href":"https:\/\/www.crazygolfcider.co.uk\/sk\/wp-json\/wp\/v2\/media?parent=591"}],"curies":[{"name":"wp","href":"https:\/\/api.w.org\/{rel}","templated":true}]}}